{"id":17692,"date":"2024-08-24T10:40:56","date_gmt":"2024-08-24T15:40:56","guid":{"rendered":"https:\/\/almaceneseduardoazar.com\/?post_type=product&#038;p=17692"},"modified":"2024-08-30T17:18:41","modified_gmt":"2024-08-30T22:18:41","slug":"arana-pequena-decoracion-eam-080","status":"publish","type":"product","link":"https:\/\/almaceneseduardoazar.com\/index.php\/producto\/arana-pequena-decoracion-eam-080\/","title":{"rendered":"Ara\u00f1a Peque\u00f1a Decoraci\u00f3n EAM-080"},"content":{"rendered":"","protected":false},"excerpt":{"rendered":"","protected":false},"featured_media":18440,"template":"","meta":[],"product_cat":[160],"product_tag":[],"class_list":["post-17692","product","type-product","status-publish","has-post-thumbnail","hentry","product_cat-halloween"],"_links":{"self":[{"href":"https:\/\/almaceneseduardoazar.com\/index.php\/wp-json\/wp\/v2\/product\/17692","targetHints":{"allow":["GET"]}}],"collection":[{"href":"https:\/\/almaceneseduardoazar.com\/index.php\/wp-json\/wp\/v2\/product"}],"about":[{"href":"https:\/\/almaceneseduardoazar.com\/index.php\/wp-json\/wp\/v2\/types\/product"}],"version-history":[{"count":2,"href":"https:\/\/almaceneseduardoazar.com\/index.php\/wp-json\/wp\/v2\/product\/17692\/revisions"}],"predecessor-version":[{"id":18439,"href":"https:\/\/almaceneseduardoazar.com\/index.php\/wp-json\/wp\/v2\/product\/17692\/revisions\/18439"}],"wp:featuredmedia":[{"embeddable":true,"href":"https:\/\/almaceneseduardoazar.com\/index.php\/wp-json\/wp\/v2\/media\/18440"}],"wp:attachment":[{"href":"https:\/\/almaceneseduardoazar.com\/index.php\/wp-json\/wp\/v2\/media?parent=17692"}],"wp:term":[{"taxonomy":"product_cat","embeddable":true,"href":"https:\/\/almaceneseduardoazar.com\/index.php\/wp-json\/wp\/v2\/product_cat?post=17692"},{"taxonomy":"product_tag","embeddable":true,"href":"https:\/\/almaceneseduardoazar.com\/index.php\/wp-json\/wp\/v2\/product_tag?post=17692"}],"curies":[{"name":"wp","href":"https:\/\/api.w.org\/{rel}","templated":true}]}}